{"id":29347,"date":"2021-03-20T07:41:23","date_gmt":"2021-03-20T07:41:23","guid":{"rendered":"https:\/\/garageturri.com\/?page_id=29347"},"modified":"2026-04-16T11:21:54","modified_gmt":"2026-04-16T11:21:54","slug":"i_nostri_partner","status":"publish","type":"page","link":"https:\/\/garageturri.com\/index.php\/i_nostri_partner\/","title":{"rendered":"I nostri partner"},"content":{"rendered":"<p>[et_pb_section fb_built=&#8221;1&#8243; _builder_version=&#8221;4.25.0&#8243; _module_preset=&#8221;default&#8221; background_color=&#8221;#0C71C3&#8243; custom_margin=&#8221;0px||||false|false&#8221; custom_padding=&#8221;35px||||false|false&#8221; animation_style=&#8221;zoom&#8221; global_colors_info=&#8221;{}&#8221;][et_pb_row _builder_version=&#8221;4.16&#8243; _module_preset=&#8221;default&#8221; global_colors_info=&#8221;{}&#8221;][et_pb_column type=&#8221;4_4&#8243; _builder_version=&#8221;4.16&#8243; _module_preset=&#8221;default&#8221; global_colors_info=&#8221;{}&#8221;][et_pb_text _builder_version=&#8221;4.25.0&#8243; _module_preset=&#8221;default&#8221; text_font=&#8221;Poppins|700||on|||||&#8221; text_text_color=&#8221;#EDF000&#8243; text_font_size=&#8221;68px&#8221; text_line_height=&#8221;1.8em&#8221; global_colors_info=&#8221;{}&#8221;]<\/p>\n<p style=\"text-align: center;\">I NOSTRI PARTNER<\/p>\n<p>[\/et_pb_text][\/et_pb_column][\/et_pb_row][\/et_pb_section][et_pb_section fb_built=&#8221;1&#8243; _builder_version=&#8221;4.16&#8243; _module_preset=&#8221;default&#8221; global_colors_info=&#8221;{}&#8221;][et_pb_row column_structure=&#8221;1_2,1_2&#8243; _builder_version=&#8221;4.24.3&#8243; _module_preset=&#8221;default&#8221; global_colors_info=&#8221;{}&#8221;][et_pb_column type=&#8221;1_2&#8243; _builder_version=&#8221;4.24.3&#8243; _module_preset=&#8221;default&#8221; global_colors_info=&#8221;{}&#8221;][et_pb_text _builder_version=&#8221;4.24.3&#8243; _module_preset=&#8221;default&#8221; global_colors_info=&#8221;{}&#8221;]<\/p>\n<p class=\"p1\"><b>Carrozzeria <\/b><\/p>\n<h2 class=\"p2\"><b>Nuova Stilcar<\/b><\/h2>\n<p class=\"p1\">La carrozzeria NUOVA STILCAR SA stata fondata nel 1994.<\/p>\n<p class=\"p1\" style=\"text-align: justify;\">Dal 1995 siamo membri dell&#8217;Unione Svizzera dei Carrozzieri (USIC)<\/p>\n<p class=\"p1\" style=\"text-align: justify;\">Dalla fondazione la nostra ditta forma apprendisti sia nel ramo della riparazione (carrozziere lattoniere) che nel ramo della verniciatura (carrozziere verniciatore)<\/p>\n<p><a href=\"https:\/\/www.nuovastilcar.ch\/\" target=\"_blank\" rel=\"noopener\">https:\/\/www.nuovastilcar.ch\/<\/a><\/p>\n<p>[\/et_pb_text][\/et_pb_column][et_pb_column type=&#8221;1_2&#8243; _builder_version=&#8221;4.24.3&#8243; _module_preset=&#8221;default&#8221; global_colors_info=&#8221;{}&#8221;][et_pb_image src=&#8221;https:\/\/garageturri.com\/wp-content\/uploads\/2021\/03\/7364169-1.jpg&#8221; title_text=&#8221;7364169-1&#8243; url=&#8221;https:\/\/www.nuovastilcar.ch&#8221; url_new_window=&#8221;on&#8221; _builder_version=&#8221;4.24.3&#8243; _module_preset=&#8221;default&#8221; background_enable_color=&#8221;off&#8221; width=&#8221;100%&#8221; max_width=&#8221;75%&#8221; module_alignment=&#8221;center&#8221; min_height=&#8221;100px&#8221; height=&#8221;139px&#8221; custom_margin=&#8221;76px||0px||false|false&#8221; animation_style=&#8221;zoom&#8221; global_colors_info=&#8221;{}&#8221;][\/et_pb_image][\/et_pb_column][\/et_pb_row][et_pb_row column_structure=&#8221;1_2,1_2&#8243; _builder_version=&#8221;4.24.3&#8243; _module_preset=&#8221;default&#8221; global_colors_info=&#8221;{}&#8221;][et_pb_column type=&#8221;1_2&#8243; _builder_version=&#8221;4.24.3&#8243; _module_preset=&#8221;default&#8221; global_colors_info=&#8221;{}&#8221;][et_pb_text _builder_version=&#8221;4.24.3&#8243; _module_preset=&#8221;default&#8221; global_colors_info=&#8221;{}&#8221;]<\/p>\n<h2><strong>Il tuo cliente, la nostra cura<\/strong><\/h2>\n<p style=\"text-align: justify;\">Argos \u00e8 una\u00a0<span>societ\u00e0 indipendente<\/span>, leader nel settore dell\u2019assistenza e gestione sinistri, in ambito medico (umano e veterinario), tecnico (mobilit\u00e0 e casa) e legale. Operiamo come<span>\u00a0<\/span><span>Third-Party Administrator (TPA)<\/span><span>\u00a0<\/span>e<span>\u00a0<\/span><span>Service Provider\u00a0<\/span>con uffici in Italia, Francia, Spagna e USA. Offriamo un servizio completo per le compagnie di assicurazione, societ\u00e0 di assistenza, broker, D.M.C., agenzie incentive, tour operator, societ\u00e0 di gestione flotte, societ\u00e0 marittime, compagnie di crociera e per le societ\u00e0 che operano nel settore welfare, travel e di organizzazione eventi, anche sportivi.<br \/>Mettiamo a disposizione dei tuoi clienti un network capillare di oltre<span>\u00a0<\/span><span>580.000<\/span><span>\u00a0<\/span>fornitori, tra ospedali, cliniche, liberi professionisti, studi odontoiatrici, centri diagnostici, pronti soccorsi e partner tecnici (soccorso stradale, carrozzerie, officine, idraulici, fabbri, muratori), periti e legali.<\/p>\n<p><a href=\"https:\/\/www.argosassistance.com\/\" target=\"_blank\" rel=\"noopener\">https:\/\/www.argosassistance.com\/<\/a><\/p>\n<p>[\/et_pb_text][\/et_pb_column][et_pb_column type=&#8221;1_2&#8243; _builder_version=&#8221;4.24.3&#8243; _module_preset=&#8221;default&#8221; global_colors_info=&#8221;{}&#8221;][et_pb_image src=&#8221;https:\/\/garageturri.com\/wp-content\/uploads\/2024\/04\/Logo_Argos_RGB-300&#215;125-1.jpg&#8221; title_text=&#8221;Logo_Argos_RGB-300&#215;125&#8243; _builder_version=&#8221;4.24.3&#8243; _module_preset=&#8221;default&#8221; custom_margin=&#8221;104px|||59px|false|false&#8221; animation_style=&#8221;zoom&#8221; global_colors_info=&#8221;{}&#8221;][\/et_pb_image][\/et_pb_column][\/et_pb_row][et_pb_row column_structure=&#8221;1_2,1_2&#8243; _builder_version=&#8221;4.24.3&#8243; _module_preset=&#8221;default&#8221; global_colors_info=&#8221;{}&#8221;][et_pb_column type=&#8221;1_2&#8243; _builder_version=&#8221;4.24.3&#8243; _module_preset=&#8221;default&#8221; global_colors_info=&#8221;{}&#8221;][et_pb_text _builder_version=&#8221;4.24.3&#8243; _module_preset=&#8221;default&#8221; global_colors_info=&#8221;{}&#8221;]<\/p>\n<h2 class=\"p1\" style=\"text-align: justify;\"><strong>Cembra <\/strong><\/h2>\n<p class=\"p1\" style=\"text-align: justify;\">\u00e8 uno dei principali provider svizzeri di soluzioni e servizi finanziari. La gamma proposta comprende prodotti finanziari per i consumatori come prestiti personali, finanziamenti e leasing auto, carte di credito e relative assicurazioni, finanziamento di fatture nonch\u00e9 prodotti di deposito e soluzioni di risparmio.<\/p>\n<p class=\"p1\" style=\"text-align: justify;\">Nelle nostre divisioni Lending e Payments, serviamo pi\u00f9 di 2 milioni di clienti in Svizzera e impieghiamo pi\u00f9 di 900 dipendenti provenienti da oltra 40 paesi. La banca, con sede principale a Zurigo, opera in tutta la Svizzera attraverso una rete di filiali, distribuzione online nonch\u00e9 partner per carte di credito, intermediari indipendenti e concessionarie auto.<\/p>\n<p class=\"p1\" style=\"text-align: justify;\">Cembra \u00e8 quotata come banca svizzera indipendente sul SIX Swiss Exchange dall\u2019ottobre 2013. Cembra \u00e8 valutata A- da Standard &amp; Poor&#8217;s ed \u00e8 inclusa nell&#8217;indice MSCI ESG Leaders e nell&#8217;indice Bloomberg Gender-Equality 2023.<\/p>\n<p style=\"text-align: justify;\"><a href=\"https:\/\/www.cembra.ch\/\" target=\"_blank\" rel=\"noopener\">https:\/\/www.cembra.ch\/<\/a><\/p>\n<p>[\/et_pb_text][\/et_pb_column][et_pb_column type=&#8221;1_2&#8243; _builder_version=&#8221;4.24.3&#8243; _module_preset=&#8221;default&#8221; global_colors_info=&#8221;{}&#8221;][et_pb_image src=&#8221;https:\/\/garageturri.com\/wp-content\/uploads\/2024\/04\/Cembra-frischt-Markenauftritt-auf-Werbewoche-1.jpg&#8221; title_text=&#8221;Cembra-frischt-Markenauftritt-auf-Werbewoche-1&#8243; _builder_version=&#8221;4.24.3&#8243; _module_preset=&#8221;default&#8221; animation_style=&#8221;zoom&#8221; global_colors_info=&#8221;{}&#8221;][\/et_pb_image][\/et_pb_column][\/et_pb_row][et_pb_row column_structure=&#8221;1_2,1_2&#8243; _builder_version=&#8221;4.24.3&#8243; _module_preset=&#8221;default&#8221; global_colors_info=&#8221;{}&#8221;][et_pb_column type=&#8221;1_2&#8243; _builder_version=&#8221;4.24.3&#8243; _module_preset=&#8221;default&#8221; global_colors_info=&#8221;{}&#8221;][et_pb_text _builder_version=&#8221;4.24.3&#8243; _module_preset=&#8221;default&#8221; global_colors_info=&#8221;{}&#8221;]<\/p>\n<h2><strong>BANK-now <\/strong><\/h2>\n<p style=\"text-align: justify;\"><span>\u00e8 una delle principali banche svizzere specializzate nel finanziamento al consumo. In qualit\u00e0 di societ\u00e0 specializzata in crediti e leasing, vi aiutiamo a ottenere un finanziamento in modo sicuro e sostenibile. Ci\u00f2 significa che dobbiamo conoscere esattamente la vostra situazione personale, in modo da potervi offrire il credito adatto a voi. Tra i nostri compiti vi \u00e8 anche una consulenza competente e comprensibile, in grado di rispondere a ogni vostra domanda.<\/span><\/p>\n<p><a href=\"https:\/\/www.credit-now.ch\/\" target=\"_blank\" rel=\"noopener\">https:\/\/www.credit-now.ch\/<\/a><\/p>\n<p>[\/et_pb_text][\/et_pb_column][et_pb_column type=&#8221;1_2&#8243; _builder_version=&#8221;4.24.3&#8243; _module_preset=&#8221;default&#8221; global_colors_info=&#8221;{}&#8221;][et_pb_image src=&#8221;https:\/\/garageturri.com\/wp-content\/uploads\/2024\/04\/cn-logo-1.png&#8221; title_text=&#8221;cn-logo-1&#8243; _builder_version=&#8221;4.24.3&#8243; _module_preset=&#8221;default&#8221; width=&#8221;51%&#8221; custom_margin=&#8221;|||120px|false|false&#8221; animation_style=&#8221;zoom&#8221; global_colors_info=&#8221;{}&#8221;][\/et_pb_image][\/et_pb_column][\/et_pb_row][et_pb_row column_structure=&#8221;1_2,1_2&#8243; _builder_version=&#8221;4.24.3&#8243; _module_preset=&#8221;default&#8221; global_colors_info=&#8221;{}&#8221;][et_pb_column type=&#8221;1_2&#8243; _builder_version=&#8221;4.24.3&#8243; _module_preset=&#8221;default&#8221; global_colors_info=&#8221;{}&#8221;][et_pb_text _builder_version=&#8221;4.24.3&#8243; _module_preset=&#8221;default&#8221; global_colors_info=&#8221;{}&#8221;]<\/p>\n<h2 style=\"text-align: justify;\"><strong>Tonding AG<\/strong><\/h2>\n<p style=\"text-align: justify;\">Fin dall&#8217;inizio svolgiamo servizi di rimorchio con grande impegno e professionalit\u00e0. In 25 anni siamo diventati uno dei pi\u00f9 grandi servizi di rimorchio nella regione tra il confine tedesco e San Bernardino. Viaggiamo quotidianamente anche in Svizzera, Germania e Italia.<\/p>\n<p style=\"text-align: justify;\">Con 30 dipendenti esperti e ben formati, siamo in grado di offrire un servizio professionale 24 ore su 24. Nel nostro moderno edificio aziendale si trova la nostra centrale di chiamata d&#8217;emergenza per il coordinamento degli interventi.<\/p>\n<p style=\"text-align: justify;\">I nostri mezzi sono a disposizione 24 ore su 24\u00a0nei 6.000 mq dell&#8217;area\u00a0aziendale\u00a0. Nella nostra officina interna sono disponibili tutte le apparecchiature diagnostiche per camion e automobili per i nostri veicoli e quelli dei nostri clienti.<\/p>\n<p><a href=\"https:\/\/tondini.ch\/\" target=\"_blank\" rel=\"noopener\">https:\/\/tondini.ch\/<\/a><\/p>\n<p>[\/et_pb_text][\/et_pb_column][et_pb_column type=&#8221;1_2&#8243; _builder_version=&#8221;4.24.3&#8243; _module_preset=&#8221;default&#8221; global_colors_info=&#8221;{}&#8221;][et_pb_image src=&#8221;https:\/\/garageturri.com\/wp-content\/uploads\/2024\/04\/TONDINI-AG-Logo.png&#8221; title_text=&#8221;TONDINI-AG-Logo&#8221; _builder_version=&#8221;4.24.3&#8243; _module_preset=&#8221;default&#8221; background_color=&#8221;#EDF000&#8243; custom_margin=&#8221;22px||||false|false&#8221; custom_padding=&#8221;100px|20px|100px|20px|false|false&#8221; animation_style=&#8221;zoom&#8221; global_colors_info=&#8221;{}&#8221;][\/et_pb_image][\/et_pb_column][\/et_pb_row][et_pb_row column_structure=&#8221;1_2,1_2&#8243; _builder_version=&#8221;4.24.3&#8243; _module_preset=&#8221;default&#8221; global_colors_info=&#8221;{}&#8221;][et_pb_column type=&#8221;1_2&#8243; _builder_version=&#8221;4.24.3&#8243; _module_preset=&#8221;default&#8221; global_colors_info=&#8221;{}&#8221;][et_pb_text _builder_version=&#8221;4.27.4&#8243; _module_preset=&#8221;default&#8221; hover_enabled=&#8221;0&#8243; global_colors_info=&#8221;{}&#8221; sticky_enabled=&#8221;0&#8243;]<\/p>\n<h2 style=\"text-align: justify;\"><strong><span>Street-E<\/span><\/strong><\/h2>\n<p style=\"text-align: justify;\"><span>\u00e8 stata fondata nel 2025 per fornire servizi di autonoleggio immediati e accessibili alle compagnie assicurative di Lugano. Stiamo ora ampliando la nostra offerta per servire anche privati \u200b\u200be aziende. La nostra flotta \u00e8 composta da veicoli ben tenuti a prezzi competitivi, con opzioni di noleggio flessibili e un servizio clienti eccezionale per garantire un&#8217;esperienza fluida e senza problemi. Oltre al noleggio, Street-E offre anche veicoli in vendita a prezzi competitivi. Grazie alla nostra partnership con Garage Turri, un nome affidabile con oltre 30 anni di esperienza, ogni veicolo \u00e8 dotato di una garanzia meccanica, dandoti completa fiducia nel tuo acquisto. Che tu stia cercando di noleggiare o acquistare, puoi contare su Street-E per fornire il veicolo giusto per le tue esigenze.<\/span><\/p>\n<p><a href=\"https:\/\/street-e.ch\">https:\/\/street-e.ch<\/a><\/p>\n<p>&nbsp;<\/p>\n<p>[\/et_pb_text][\/et_pb_column][et_pb_column type=&#8221;1_2&#8243; _builder_version=&#8221;4.24.3&#8243; _module_preset=&#8221;default&#8221; global_colors_info=&#8221;{}&#8221;][et_pb_image src=&#8221;https:\/\/garageturri.com\/wp-content\/uploads\/2026\/04\/StreetELogo.png&#8221; title_text=&#8221;StreetELogo&#8221; _builder_version=&#8221;4.27.4&#8243; _module_preset=&#8221;default&#8221; background_color=&#8221;#FFFFFF&#8221; custom_margin=&#8221;22px||||false|false&#8221; custom_padding=&#8221;100px|20px|100px|20px|false|false&#8221; animation_style=&#8221;zoom&#8221; hover_enabled=&#8221;0&#8243; global_colors_info=&#8221;{}&#8221; sticky_enabled=&#8221;0&#8243; url=&#8221;https:\/\/street-e.ch\/#&#8221;][\/et_pb_image][\/et_pb_column][\/et_pb_row][\/et_pb_section][et_pb_section fb_built=&#8221;1&#8243; _builder_version=&#8221;4.16&#8243; _module_preset=&#8221;default&#8221; background_color=&#8221;#f1f1f1&#8243; min_height=&#8221;154px&#8221; custom_margin=&#8221;-18px||-4px|||&#8221; custom_padding=&#8221;0px||31px|||&#8221; saved_tabs=&#8221;all&#8221; collapsed=&#8221;off&#8221; global_colors_info=&#8221;{}&#8221;][et_pb_row column_structure=&#8221;1_4,1_4,1_4,1_4&#8243; use_custom_gutter=&#8221;on&#8221; gutter_width=&#8221;1&#8243; make_equal=&#8221;on&#8221; _builder_version=&#8221;4.16&#8243; _module_preset=&#8221;default&#8221; background_color=&#8221;#f1f1f1&#8243; width=&#8221;100%&#8221; max_width=&#8221;2560px&#8221; custom_margin=&#8221;-25px|auto||auto|false|false&#8221; custom_padding=&#8221;||1px|||&#8221; animation_style=&#8221;zoom&#8221; global_colors_info=&#8221;{}&#8221;][et_pb_column type=&#8221;1_4&#8243; _builder_version=&#8221;4.16&#8243; _module_preset=&#8221;default&#8221; animation_style=&#8221;zoom&#8221; global_colors_info=&#8221;{}&#8221;][et_pb_image src=&#8221;https:\/\/garageturri.com\/wp-content\/uploads\/2021\/06\/338-3380512_tcs-logo-png-transparent-touring-club-schweiz-logo-e1622809907988.png&#8221; title_text=&#8221;338-3380512_tcs-logo-png-transparent-touring-club-schweiz-logo&#8221; url=&#8221;https:\/\/www.europassistance.it\/&#8221; url_new_window=&#8221;on&#8221; align=&#8221;center&#8221; _builder_version=&#8221;4.16&#8243; _module_preset=&#8221;default&#8221; custom_margin=&#8221;45px|||||&#8221; custom_padding=&#8221;3px|||||&#8221; global_colors_info=&#8221;{}&#8221;][\/et_pb_image][\/et_pb_column][et_pb_column type=&#8221;1_4&#8243; _builder_version=&#8221;4.16&#8243; _module_preset=&#8221;default&#8221; global_colors_info=&#8221;{}&#8221;][et_pb_image src=&#8221;https:\/\/garageturri.com\/wp-content\/uploads\/2021\/06\/Zurich_Logo_new.svg_-1-e1622810156376.png&#8221; title_text=&#8221;Zurich_Logo_new.svg&#8221; url=&#8221;https:\/\/www.huk.de\/&#8221; url_new_window=&#8221;on&#8221; align=&#8221;center&#8221; _builder_version=&#8221;4.16&#8243; _module_preset=&#8221;default&#8221; width=&#8221;100%&#8221; custom_padding=&#8221;45px|||||&#8221; global_colors_info=&#8221;{}&#8221;][\/et_pb_image][\/et_pb_column][et_pb_column type=&#8221;1_4&#8243; _builder_version=&#8221;4.16&#8243; _module_preset=&#8221;default&#8221; global_colors_info=&#8221;{}&#8221;][et_pb_image src=&#8221;https:\/\/garageturri.com\/wp-content\/uploads\/2021\/03\/turri_europ.png&#8221; title_text=&#8221;turri_europ&#8221; url=&#8221;https:\/\/www.europassistance.it\/&#8221; url_new_window=&#8221;on&#8221; _builder_version=&#8221;4.16&#8243; _module_preset=&#8221;default&#8221; custom_margin=&#8221;45px|||||&#8221; custom_padding=&#8221;3px|||||&#8221; global_colors_info=&#8221;{}&#8221;][\/et_pb_image][\/et_pb_column][et_pb_column type=&#8221;1_4&#8243; _builder_version=&#8221;4.16&#8243; _module_preset=&#8221;default&#8221; global_colors_info=&#8221;{}&#8221;][et_pb_image src=&#8221;https:\/\/garageturri.com\/wp-content\/uploads\/2021\/03\/turri_huk.png&#8221; title_text=&#8221;turri_huk&#8221; url=&#8221;https:\/\/www.huk.de\/&#8221; url_new_window=&#8221;on&#8221; _builder_version=&#8221;4.16&#8243; _module_preset=&#8221;default&#8221; custom_padding=&#8221;45px|||||&#8221; global_colors_info=&#8221;{}&#8221;][\/et_pb_image][\/et_pb_column][\/et_pb_row][et_pb_row column_structure=&#8221;1_4,1_4,1_4,1_4&#8243; use_custom_gutter=&#8221;on&#8221; gutter_width=&#8221;1&#8243; make_equal=&#8221;on&#8221; _builder_version=&#8221;4.16&#8243; _module_preset=&#8221;default&#8221; background_color=&#8221;#f1f1f1&#8243; width=&#8221;100%&#8221; max_width=&#8221;2560px&#8221; custom_margin=&#8221;-25px|auto||auto|false|false&#8221; custom_padding=&#8221;||1px|||&#8221; animation_style=&#8221;zoom&#8221; global_colors_info=&#8221;{}&#8221;][et_pb_column type=&#8221;1_4&#8243; _builder_version=&#8221;4.16&#8243; _module_preset=&#8221;default&#8221; animation_style=&#8221;zoom&#8221; global_colors_info=&#8221;{}&#8221;][et_pb_image src=&#8221;https:\/\/garageturri.com\/wp-content\/uploads\/2021\/03\/turri_agvs.png&#8221; title_text=&#8221;turri_agvs&#8221; url=&#8221;https:\/\/www.agvs-upsa.ch\/&#8221; url_new_window=&#8221;on&#8221; _builder_version=&#8221;4.16&#8243; _module_preset=&#8221;default&#8221; custom_padding=&#8221;45px|||||&#8221; global_colors_info=&#8221;{}&#8221;][\/et_pb_image][\/et_pb_column][et_pb_column type=&#8221;1_4&#8243; _builder_version=&#8221;4.16&#8243; _module_preset=&#8221;default&#8221; global_colors_info=&#8221;{}&#8221;][et_pb_image src=&#8221;https:\/\/garageturri.com\/wp-content\/uploads\/2021\/03\/turri_astag.png&#8221; title_text=&#8221;turri_astag&#8221; url=&#8221;https:\/\/www.astag.ch\/&#8221; url_new_window=&#8221;on&#8221; _builder_version=&#8221;4.16&#8243; _module_preset=&#8221;default&#8221; min_height=&#8221;115px&#8221; custom_padding=&#8221;45px|||||&#8221; global_colors_info=&#8221;{}&#8221;][\/et_pb_image][\/et_pb_column][et_pb_column type=&#8221;1_4&#8243; _builder_version=&#8221;4.16&#8243; _module_preset=&#8221;default&#8221; global_colors_info=&#8221;{}&#8221;][et_pb_image src=&#8221;https:\/\/garageturri.com\/wp-content\/uploads\/2021\/03\/turri_medicall.png&#8221; title_text=&#8221;turri_medicall&#8221; _builder_version=&#8221;4.16&#8243; _module_preset=&#8221;default&#8221; custom_padding=&#8221;45px|||||&#8221; global_colors_info=&#8221;{}&#8221;][\/et_pb_image][\/et_pb_column][et_pb_column type=&#8221;1_4&#8243; _builder_version=&#8221;4.16&#8243; _module_preset=&#8221;default&#8221; global_colors_info=&#8221;{}&#8221;][et_pb_image src=&#8221;https:\/\/garageturri.com\/wp-content\/uploads\/2021\/03\/turri_mobi.png&#8221; title_text=&#8221;turri_mobi&#8221; url=&#8221;https:\/\/www.mobi24.ch\/it\/&#8221; url_new_window=&#8221;on&#8221; _builder_version=&#8221;4.16&#8243; _module_preset=&#8221;default&#8221; custom_padding=&#8221;45px|||||&#8221; global_colors_info=&#8221;{}&#8221;][\/et_pb_image][\/et_pb_column][\/et_pb_row][\/et_pb_section]<\/p>\n","protected":false},"excerpt":{"rendered":"<p>I NOSTRI PARTNERCarrozzeria Nuova Stilcar La carrozzeria NUOVA STILCAR SA stata fondata nel 1994. Dal 1995 siamo membri dell&#8217;Unione Svizzera dei Carrozzieri (USIC) Dalla fondazione la nostra ditta forma apprendisti sia nel ramo della riparazione (carrozziere lattoniere) che nel ramo della verniciatura (carrozziere verniciatore) https:\/\/www.nuovastilcar.ch\/Il tuo cliente, la nostra cura Argos \u00e8 una\u00a0societ\u00e0 indipendente, leader [&hellip;]<\/p>\n","protected":false},"author":1,"featured_media":0,"parent":0,"menu_order":0,"comment_status":"closed","ping_status":"closed","template":"","meta":{"_et_pb_use_builder":"on","_et_pb_old_content":"","_et_gb_content_width":"","footnotes":""},"class_list":["post-29347","page","type-page","status-publish","hentry"],"_links":{"self":[{"href":"https:\/\/garageturri.com\/index.php\/wp-json\/wp\/v2\/pages\/29347","targetHints":{"allow":["GET"]}}],"collection":[{"href":"https:\/\/garageturri.com\/index.php\/wp-json\/wp\/v2\/pages"}],"about":[{"href":"https:\/\/garageturri.com\/index.php\/wp-json\/wp\/v2\/types\/page"}],"author":[{"embeddable":true,"href":"https:\/\/garageturri.com\/index.php\/wp-json\/wp\/v2\/users\/1"}],"replies":[{"embeddable":true,"href":"https:\/\/garageturri.com\/index.php\/wp-json\/wp\/v2\/comments?post=29347"}],"version-history":[{"count":22,"href":"https:\/\/garageturri.com\/index.php\/wp-json\/wp\/v2\/pages\/29347\/revisions"}],"predecessor-version":[{"id":30820,"href":"https:\/\/garageturri.com\/index.php\/wp-json\/wp\/v2\/pages\/29347\/revisions\/30820"}],"wp:attachment":[{"href":"https:\/\/garageturri.com\/index.php\/wp-json\/wp\/v2\/media?parent=29347"}],"curies":[{"name":"wp","href":"https:\/\/api.w.org\/{rel}","templated":true}]}}